{"id":37,"date":"2020-09-14T14:35:13","date_gmt":"2020-09-14T14:35:13","guid":{"rendered":"http:\/\/www.djaaccounting.dk\/?page_id=37"},"modified":"2020-12-31T16:08:59","modified_gmt":"2020-12-31T16:08:59","slug":"ydelser","status":"publish","type":"page","link":"https:\/\/www.djaaccounting.dk\/index.php\/ydelser\/","title":{"rendered":"Ydelser"},"content":{"rendered":"\n<p>P\u00e5 undersiderne til <strong><span class=\"has-inline-color has-luminous-vivid-orange-color\">Ydelser<\/span><\/strong> finder du lidt uddybende information omkring de ydelser, som jeg kan tilbyde.<\/p>\n\n\n\n<div style=\"height:43px\" aria-hidden=\"true\" class=\"wp-block-spacer\"><\/div>\n\n\n\n<p class=\"has-text-align-center\"><strong><em>Jeg har all-round-erfaring med bl.a:<\/em><\/strong><\/p>\n\n\n\n<div style=\"height:29px\" aria-hidden=\"true\" class=\"wp-block-spacer\"><\/div>\n\n\n<p style=\"text-align: center;\">Bogholderi og bogf\u00f8ring<\/p>\n<p style=\"text-align: center;\">Fakturering og rykkerprocedure<\/p>\n<p style=\"text-align: center;\">L\u00f8nadministration og -refusion<\/p>\n<p style=\"text-align: center;\">Debitor- og kreditorstyring<\/p>\n<p style=\"text-align: center;\">Afstemninger, kontrol og opf\u00f8lgning<\/p>\n<p style=\"text-align: center;\">Budgetudarbejdelse og -opf\u00f8lgning<\/p>\n<p style=\"text-align: center;\">Momsregnskab, herunder import- og eksportmoms<\/p>\n<p style=\"text-align: center;\">Regnskabsudarbejdelse, \u00c5rsregnskabsloven<\/p>\n<p style=\"text-align: center;\">Skatteregnskab, personlig og selskaber<\/p>","protected":false},"excerpt":{"rendered":"<p>P\u00e5 undersiderne til Ydelser finder du lidt uddybende information omkring de ydelser, som jeg kan tilbyde. Jeg har all-round-erfaring med bl.a: Bogholderi og bogf\u00f8ring Fakturering og rykkerprocedure L\u00f8nadministration og -refusion Debitor- og kreditorstyring Afstemninger, kontrol og opf\u00f8lgning Budgetudarbejdelse og -opf\u00f8lgning Momsregnskab, herunder import- og eksportmoms Regnskabsudarbejdelse, \u00c5rsregnskabsloven Skatteregnskab, personlig og selskaber<\/p>\n","protected":false},"author":1,"featured_media":0,"parent":0,"menu_order":0,"comment_status":"closed","ping_status":"closed","template":"templates\/template_page-full-width.php","meta":{"footnotes":""},"class_list":["post-37","page","type-page","status-publish","hentry"],"_links":{"self":[{"href":"https:\/\/www.djaaccounting.dk\/index.php\/wp-json\/wp\/v2\/pages\/37","targetHints":{"allow":["GET"]}}],"collection":[{"href":"https:\/\/www.djaaccounting.dk\/index.php\/wp-json\/wp\/v2\/pages"}],"about":[{"href":"https:\/\/www.djaaccounting.dk\/index.php\/wp-json\/wp\/v2\/types\/page"}],"author":[{"embeddable":true,"href":"https:\/\/www.djaaccounting.dk\/index.php\/wp-json\/wp\/v2\/users\/1"}],"replies":[{"embeddable":true,"href":"https:\/\/www.djaaccounting.dk\/index.php\/wp-json\/wp\/v2\/comments?post=37"}],"version-history":[{"count":10,"href":"https:\/\/www.djaaccounting.dk\/index.php\/wp-json\/wp\/v2\/pages\/37\/revisions"}],"predecessor-version":[{"id":270,"href":"https:\/\/www.djaaccounting.dk\/index.php\/wp-json\/wp\/v2\/pages\/37\/revisions\/270"}],"wp:attachment":[{"href":"https:\/\/www.djaaccounting.dk\/index.php\/wp-json\/wp\/v2\/media?parent=37"}],"curies":[{"name":"wp","href":"https:\/\/api.w.org\/{rel}","templated":true}]}}