{"id":50,"date":"2020-09-14T15:36:22","date_gmt":"2020-09-14T15:36:22","guid":{"rendered":"http:\/\/www.djaaccounting.dk\/?page_id=50"},"modified":"2020-12-23T13:13:11","modified_gmt":"2020-12-23T13:13:11","slug":"bogfoering","status":"publish","type":"page","link":"https:\/\/www.djaaccounting.dk\/index.php\/bogfoering\/","title":{"rendered":"Bogf\u00f8ring"},"content":{"rendered":"\n<p>Jeg har solid erfaring med bogf\u00f8ring for b\u00e5de personligt drevne virksomheder og selskaber. Bogf\u00f8ringen udf\u00f8res grundigt og effektivt. Som en del af bogholderiet s\u00f8rger jeg ogs\u00e5 for afstemninger, momsindberetning mv.<\/p>\n\n\n\n<div style=\"height:34px\" aria-hidden=\"true\" class=\"wp-block-spacer\"><\/div>\n\n\n\n<p>Om du anvender bogf\u00f8ring med fysiske bilag eller den digitale l\u00f8sning med elektroniske bilag er underordnet &#8211; jeg behersker begge dele.  Min tilgang er struktureret, hvilket sikrer dig orden i bogholderiet.<\/p>\n\n\n\n<div style=\"height:37px\" aria-hidden=\"true\" class=\"wp-block-spacer\"><\/div>\n\n\n\n<p>Under fanen <strong><a href=\"https:\/\/www.djaaccounting.dk\/index.php\/om\/\">Om mig<\/a><\/strong> finder du endvidere en kort oversigt over nogle af de arbejdsomr\u00e5der, jeg har erfaring med. <\/p>\n\n\n\n<div style=\"height:33px\" aria-hidden=\"true\" class=\"wp-block-spacer\"><\/div>\n\n\n\n<p>Hvis du har brug for at f\u00e5 bedre styr p\u00e5 dit bogholderi &#8211; eller bare til den \u00e5rlige gennemgang og klarg\u00f8ring til regnskabet &#8211; s\u00e5 <a href=\"https:\/\/www.djaaccounting.dk\/index.php\/kontakt\/\">kontakt mig<\/a> for en uformel snak om behov og muligheder.<\/p>\n\n\n\n<p><\/p>\n","protected":false},"excerpt":{"rendered":"<p>Jeg har solid erfaring med bogf\u00f8ring for b\u00e5de personligt drevne virksomheder og selskaber. Bogf\u00f8ringen udf\u00f8res grundigt og effektivt. Som en del af bogholderiet s\u00f8rger jeg ogs\u00e5 for afstemninger, momsindberetning mv. Om du anvender bogf\u00f8ring med fysiske bilag eller den digitale l\u00f8sning med elektroniske bilag er underordnet &#8211; jeg behersker begge dele. Min tilgang er struktureret, [&hellip;]<\/p>\n","protected":false},"author":1,"featured_media":0,"parent":0,"menu_order":0,"comment_status":"closed","ping_status":"closed","template":"templates\/template_page-full-width.php","meta":{"footnotes":""},"class_list":["post-50","page","type-page","status-publish","hentry"],"_links":{"self":[{"href":"https:\/\/www.djaaccounting.dk\/index.php\/wp-json\/wp\/v2\/pages\/50","targetHints":{"allow":["GET"]}}],"collection":[{"href":"https:\/\/www.djaaccounting.dk\/index.php\/wp-json\/wp\/v2\/pages"}],"about":[{"href":"https:\/\/www.djaaccounting.dk\/index.php\/wp-json\/wp\/v2\/types\/page"}],"author":[{"embeddable":true,"href":"https:\/\/www.djaaccounting.dk\/index.php\/wp-json\/wp\/v2\/users\/1"}],"replies":[{"embeddable":true,"href":"https:\/\/www.djaaccounting.dk\/index.php\/wp-json\/wp\/v2\/comments?post=50"}],"version-history":[{"count":22,"href":"https:\/\/www.djaaccounting.dk\/index.php\/wp-json\/wp\/v2\/pages\/50\/revisions"}],"predecessor-version":[{"id":336,"href":"https:\/\/www.djaaccounting.dk\/index.php\/wp-json\/wp\/v2\/pages\/50\/revisions\/336"}],"wp:attachment":[{"href":"https:\/\/www.djaaccounting.dk\/index.php\/wp-json\/wp\/v2\/media?parent=50"}],"curies":[{"name":"wp","href":"https:\/\/api.w.org\/{rel}","templated":true}]}}