{"id":53,"date":"2020-09-14T15:36:23","date_gmt":"2020-09-14T15:36:23","guid":{"rendered":"http:\/\/www.djaaccounting.dk\/?page_id=53"},"modified":"2023-03-14T14:31:10","modified_gmt":"2023-03-14T14:31:10","slug":"regnskab","status":"publish","type":"page","link":"https:\/\/www.djaaccounting.dk\/index.php\/regnskab\/","title":{"rendered":"Regnskab"},"content":{"rendered":"\n<h2 class=\"wp-block-heading\">Har du brug for assistance med at udarbejde det \u00e5rlige regnskab?<\/h2>\n\n\n\n<div style=\"height:43px\" aria-hidden=\"true\" class=\"wp-block-spacer\"><\/div>\n\n\n\n<p> Har du brug for assistance til gennemgang af din egen l\u00f8bende bogf\u00f8ring i samme forbindelse? Skal du have udarbejdet et udlejnings- eller solcelleregnskab? Har du brug for hj\u00e6lp til regnskabsindberetninger og selvangivelse til SKAT? <span class=\"has-inline-color has-luminous-vivid-orange-color\"><strong><em>S\u00e5 er du kommet det rette sted<\/em><\/strong>.<\/span><\/p>\n\n\n\n<div style=\"height:66px\" aria-hidden=\"true\" class=\"wp-block-spacer\"><\/div>\n\n\n\n<div class=\"wp-block-media-text alignwide is-stacked-on-mobile is-image-fill\"><figure class=\"wp-block-media-text__media\" style=\"background-image:url(https:\/\/www.djaaccounting.dk\/wp-content\/uploads\/2021\/06\/DSC09844-2-683x1024.jpg);background-position:34% 55.00000000000001%\"><img loading=\"lazy\" decoding=\"async\" width=\"683\" height=\"1024\" src=\"https:\/\/www.djaaccounting.dk\/wp-content\/uploads\/2021\/06\/DSC09844-2-683x1024.jpg\" alt=\"\" class=\"wp-image-306 size-full\" srcset=\"https:\/\/www.djaaccounting.dk\/wp-content\/uploads\/2021\/06\/DSC09844-2-683x1024.jpg 683w, https:\/\/www.djaaccounting.dk\/wp-content\/uploads\/2021\/06\/DSC09844-2-200x300.jpg 200w, https:\/\/www.djaaccounting.dk\/wp-content\/uploads\/2021\/06\/DSC09844-2-768x1152.jpg 768w, https:\/\/www.djaaccounting.dk\/wp-content\/uploads\/2021\/06\/DSC09844-2-1024x1536.jpg 1024w, https:\/\/www.djaaccounting.dk\/wp-content\/uploads\/2021\/06\/DSC09844-2-1366x2048.jpg 1366w, https:\/\/www.djaaccounting.dk\/wp-content\/uploads\/2021\/06\/DSC09844-2-scaled.jpg 1707w\" sizes=\"auto, (max-width: 683px) 100vw, 683px\" \/><\/figure><div class=\"wp-block-media-text__content\">\n<p class=\"has-large-font-size\">F\u00e5 hj\u00e6lp til..<\/p>\n\n\n\n<p class=\"has-medium-font-size\">Skatteregnskab<\/p>\n\n\n\n<p class=\"has-medium-font-size\">\u00c5rsrapport<\/p>\n\n\n\n<p class=\"has-medium-font-size\">Udlejningsregnskab<\/p>\n\n\n\n<p class=\"has-medium-font-size\">Solcelleregnskab<\/p>\n\n\n\n<p class=\"has-medium-font-size\">Selvangivelse (Oplysningsskema)<\/p>\n\n\n\n<p class=\"has-medium-font-size\">Forskudsopg\u00f8relse<\/p>\n\n\n\n<p class=\"has-medium-font-size\">Budget og budgetopf\u00f8lgning<\/p>\n\n\n\n<p class=\"has-medium-font-size\">R\u00e5dgivningsopgaver<\/p>\n<\/div><\/div>\n\n\n\n<div style=\"height:65px\" aria-hidden=\"true\" class=\"wp-block-spacer\"><\/div>\n\n\n\n<h2 class=\"wp-block-heading\">Personlig virksomhed<\/h2>\n\n\n\n<p>Jeg kan assistere med at udarbejde et skattem\u00e6ssigt regnskab, der overholder den g\u00e6ldende danske skattelovgivning &#8211; og sikre dig, at du f\u00e5r de relevante fradrag. Du kan f\u00e5 et reelt opstillet regnskab forsynet med en regnskabserkl\u00e6ring om opstilling. Hvis du ikke finder behov herfor, kan saldobalancen fra bogf\u00f8ringen i stedet danne grundlag for indberetninger til SKAT.<\/p>\n\n\n\n<div style=\"height:37px\" aria-hidden=\"true\" class=\"wp-block-spacer\"><\/div>\n\n\n\n<h2 class=\"wp-block-heading\">Selskaber<\/h2>\n\n\n\n<p>Hvis din virksomhed drives i selskabsform (ApS, A\/S) og du ikke har behov for en revisors erkl\u00e6ring p\u00e5 regnskabet, kan jeg tilbyde at assistere med udarbejdelse af \u00c5rsrapport, herunder at foretage de skattem\u00e6ssige beregninger og indberette de p\u00e5kr\u00e6vede dokumenter til Erhversstyrelsen.<\/p>\n\n\n\n<p>Hvis selskabets bankforbindelse eller andre stiller krav om en erkl\u00e6ring p\u00e5 regnskabet, kan jeg tilbyde dette i samarbejde med en autoriseret revisor. <\/p>\n\n\n\n<div style=\"height:35px\" aria-hidden=\"true\" class=\"wp-block-spacer\"><\/div>\n\n\n\n<h2 class=\"wp-block-heading\">Privatperson<\/h2>\n\n\n\n<p>Jeg hj\u00e6lper ogs\u00e5 dig som privatperson med fx. udlejningsregnskab og solcelleregnskab &#8211; eller blot gennemgang af din \u00c5rsopg\u00f8relse, s\u00e5 du er sikker p\u00e5, at alt er, som det skal v\u00e6re.<\/p>\n\n\n\n<div style=\"height:42px\" aria-hidden=\"true\" class=\"wp-block-spacer\"><\/div>\n\n\n\n<blockquote class=\"wp-block-quote is-layout-flow wp-block-quote-is-layout-flow\"><p>Geografisk er det ikke s\u00e5 afg\u00f8rende, hvor du og din virksomhed har base, da det meste i forbindelse med regnskabsudarbejdelse kan klares digitalt. <\/p><\/blockquote>\n\n\n\n<div style=\"height:37px\" aria-hidden=\"true\" class=\"wp-block-spacer\"><\/div>\n\n\n<p>Uanset om du er indehaver af en virksomhed eller er privatperson, s\u00e5 er du velkommen til at kontakte mig for en uformel snak om behov og muligheder via fanen <a href=\"https:\/\/www.djaaccounting.dk\/index.php\/kontakt\/\"><span style=\"color: #ff6600;\">Kontakt<\/span><\/a>.<\/p>\n\n\n<div class=\"wp-block-group\"><div class=\"wp-block-group__inner-container is-layout-flow wp-block-group-is-layout-flow\"><\/div><\/div>\n","protected":false},"excerpt":{"rendered":"<p>Har du brug for assistance med at udarbejde det \u00e5rlige regnskab? Har du brug for assistance til gennemgang af din egen l\u00f8bende bogf\u00f8ring i samme forbindelse? Skal du have udarbejdet et udlejnings- eller solcelleregnskab? Har du brug for hj\u00e6lp til regnskabsindberetninger og selvangivelse til SKAT? S\u00e5 er du kommet det rette sted. F\u00e5 hj\u00e6lp til.. [&hellip;]<\/p>\n","protected":false},"author":1,"featured_media":0,"parent":0,"menu_order":0,"comment_status":"closed","ping_status":"closed","template":"templates\/template_page-full-width.php","meta":{"footnotes":""},"class_list":["post-53","page","type-page","status-publish","hentry"],"_links":{"self":[{"href":"https:\/\/www.djaaccounting.dk\/index.php\/wp-json\/wp\/v2\/pages\/53","targetHints":{"allow":["GET"]}}],"collection":[{"href":"https:\/\/www.djaaccounting.dk\/index.php\/wp-json\/wp\/v2\/pages"}],"about":[{"href":"https:\/\/www.djaaccounting.dk\/index.php\/wp-json\/wp\/v2\/types\/page"}],"author":[{"embeddable":true,"href":"https:\/\/www.djaaccounting.dk\/index.php\/wp-json\/wp\/v2\/users\/1"}],"replies":[{"embeddable":true,"href":"https:\/\/www.djaaccounting.dk\/index.php\/wp-json\/wp\/v2\/comments?post=53"}],"version-history":[{"count":27,"href":"https:\/\/www.djaaccounting.dk\/index.php\/wp-json\/wp\/v2\/pages\/53\/revisions"}],"predecessor-version":[{"id":432,"href":"https:\/\/www.djaaccounting.dk\/index.php\/wp-json\/wp\/v2\/pages\/53\/revisions\/432"}],"wp:attachment":[{"href":"https:\/\/www.djaaccounting.dk\/index.php\/wp-json\/wp\/v2\/media?parent=53"}],"curies":[{"name":"wp","href":"https:\/\/api.w.org\/{rel}","templated":true}]}}