{"id":7,"date":"2020-09-14T13:26:37","date_gmt":"2020-09-14T13:26:37","guid":{"rendered":"http:\/\/www.djaaccounting.dk\/?page_id=7"},"modified":"2023-03-20T21:12:23","modified_gmt":"2023-03-20T21:12:23","slug":"om","status":"publish","type":"page","link":"https:\/\/www.djaaccounting.dk\/index.php\/om\/","title":{"rendered":"Om mig"},"content":{"rendered":"\n<h2 class=\"has-medium-font-size wp-block-heading\">Uddannelse &amp; Erfaring<\/h2>\n\n\n\n<div style=\"height:20px\" aria-hidden=\"true\" class=\"wp-block-spacer\"><\/div>\n\n\n\n<p>I 2012-2014 gennemf\u00f8rte jeg uddannelsen Financial Controller p\u00e5 \u00c5rhus Erhvervsakademi. <\/p>\n\n\n\n<p> <\/p>\n\n\n\n<p>Jeg har fra 2014 til 2020 arbejdet i en lokal revisionsvirksomhed.<\/p>\n\n\n\n<p><\/p>\n\n\n\n<div style=\"height:34px\" aria-hidden=\"true\" class=\"wp-block-spacer\"><\/div>\n\n\n\n<p class=\"has-text-align-left has-normal-font-size\"><span style=\"text-decoration: underline;\">Jeg har herigennem opn\u00e5et solid erfaring med bl.a:<\/span><\/p>\n\n\n\n<div style=\"height:20px\" aria-hidden=\"true\" class=\"wp-block-spacer\"><\/div>\n\n\n\n<div class=\"wp-block-columns is-layout-flex wp-container-core-columns-is-layout-9d6595d7 wp-block-columns-is-layout-flex\">\n<div class=\"wp-block-column is-layout-flow wp-block-column-is-layout-flow\">\n<ul class=\"wp-block-list\"><li>Bogholderi og bogf\u00f8ring<\/li><li>Fakturering og rykkerprocedure<\/li><li>L\u00f8nadministration og -refusion<\/li><li>Debitor- og kreditorstyring<\/li><li>Afstemninger, kontrol og opf\u00f8lgning<\/li><li>Budgetudarbejdelse og -opf\u00f8lgning<\/li><li><\/li><\/ul>\n<\/div>\n\n\n\n<div class=\"wp-block-column is-layout-flow wp-block-column-is-layout-flow\">\n<ul class=\"wp-block-list\" id=\"block-f2ecc866-5608-4f15-a87e-8417bcd714b6\"><li>Momsregnskab, herunder eksportmoms<\/li><li>Regnskabsudarbejdelse, \u00c5rsregnskabsloven<\/li><li>Skatteregnskab, personlig og selskaber<\/li><li>Udlejningsregnskaber<\/li><li>Solcelleregnskaber<\/li><\/ul>\n<\/div>\n<\/div>\n\n\n\n<div style=\"height:20px\" aria-hidden=\"true\" class=\"wp-block-spacer\"><\/div>\n\n\n\n<p>Jeg er rutineret i regnskabsprogrammerne E-conomic, Focus-IT\/IT-revisor, Dinero og Billys . Derudover har jeg stiftet bekendskab med flere versioner af Navision samt med Uniconta. Jeg er habil bruger af Office-programmer, herunder Excel. Jeg har erfaring med brug af flere l\u00f8nprogrammer, herunder Danl\u00f8n, Salary, Pento og Datal\u00f8n.<\/p>\n\n\n\n<div style=\"height:20px\" aria-hidden=\"true\" class=\"wp-block-spacer\"><\/div>\n\n\n\n<p>Jeg har erfaring med at digitalisere og optimere bogholderiet, s\u00e5 der ogs\u00e5 spares tid p\u00e5 administrationen i din virksomhed.<\/p>\n\n\n\n<div style=\"height:46px\" aria-hidden=\"true\" class=\"wp-block-spacer\"><\/div>\n\n\n\n<h2 class=\"wp-block-heading\" style=\"font-size:23px\"><em>Hos mig f\u00e5r du mere end bare en bogholder<\/em> &#8211; du f\u00e5r en revisor.<\/h2>\n\n\n\n<div style=\"height:35px\" aria-hidden=\"true\" class=\"wp-block-spacer\"><\/div>\n\n\n\n<h2 class=\"has-medium-font-size wp-block-heading\"><strong>Hvad kan jeg tilbyde dig?<\/strong><\/h2>\n\n\n\n<div style=\"height:20px\" aria-hidden=\"true\" class=\"wp-block-spacer\"><\/div>\n\n\n\n<p>Hos mig f\u00e5r du mere end bare en bogholder \u2013 du f\u00e5r en revisor. P\u00e5 baggrund af min brede erfaring, b\u00e5de som revisor og som tidligere selvst\u00e6ndig h\u00e5ndv\u00e6rker, giver jeg dig en letforst\u00e5elig tilgang til din virksomheds \u00f8konomi.<\/p>\n\n\n\n<div style=\"height:20px\" aria-hidden=\"true\" class=\"wp-block-spacer\"><\/div>\n\n\n\n<blockquote class=\"wp-block-quote is-layout-flow wp-block-quote-is-layout-flow\"><p>Jeg giver dig den sikkerhed og ro i maven, som er n\u00f8dvendig for, at du kan g\u00f8re det, du er bedst til. Jeg skaber det store overblik for dig og f\u00f8lger dig hele vejen gennem bogf\u00f8ring til regnskab og alle indberetninger til SKAT og myndigheder.<\/p><\/blockquote>\n\n\n\n<div style=\"height:20px\" aria-hidden=\"true\" class=\"wp-block-spacer\"><\/div>\n\n\n\n<p>Som din revisor holder jeg mig altid ajour p\u00e5 nye regler og s\u00f8rger for, at dit bogholderi altid er i orden. Derudover s\u00f8rger jeg for, at du f\u00e5r de fradrag, du er berettiget til, og at alle frister bliver overholdt, s\u00e5 du kan have ro i maven. &nbsp;<\/p>\n\n\n\n<div style=\"height:44px\" aria-hidden=\"true\" class=\"wp-block-spacer\"><\/div>\n\n\n\n<h2 class=\"has-medium-font-size wp-block-heading\">Placering<\/h2>\n\n\n\n<p>Mit kontor har til huse i V\u00e6xthusets bygninger p\u00e5 Kildeparken 12, lok 16J, 8722 Hedensted.<\/p>\n\n\n\n<ul class=\"wp-block-social-links alignleft is-style-logos-only is-layout-flex wp-block-social-links-is-layout-flex\">\n\n\n\n\n\n\n\n\n\n<li class=\"wp-social-link wp-social-link-linkedin  wp-block-social-link\"><a href=\"https:\/\/www.linkedin.com\/in\/dina-junker-andersen\" class=\"wp-block-social-link-anchor\"><svg width=\"24\" height=\"24\" viewBox=\"0 0 24 24\" version=\"1.1\" xmlns=\"http:\/\/www.w3.org\/2000\/svg\" aria-hidden=\"true\" focusable=\"false\"><path d=\"M19.7,3H4.3C3.582,3,3,3.582,3,4.3v15.4C3,20.418,3.582,21,4.3,21h15.4c0.718,0,1.3-0.582,1.3-1.3V4.3 C21,3.582,20.418,3,19.7,3z M8.339,18.338H5.667v-8.59h2.672V18.338z M7.004,8.574c-0.857,0-1.549-0.694-1.549-1.548 c0-0.855,0.691-1.548,1.549-1.548c0.854,0,1.547,0.694,1.547,1.548C8.551,7.881,7.858,8.574,7.004,8.574z M18.339,18.338h-2.669 v-4.177c0-0.996-0.017-2.278-1.387-2.278c-1.389,0-1.601,1.086-1.601,2.206v4.249h-2.667v-8.59h2.559v1.174h0.037 c0.356-0.675,1.227-1.387,2.526-1.387c2.703,0,3.203,1.779,3.203,4.092V18.338z\"><\/path><\/svg><span class=\"wp-block-social-link-label screen-reader-text\">LinkedIn<\/span><\/a><\/li><\/ul>\n\n\n\n<div style=\"height:20px\" aria-hidden=\"true\" class=\"wp-block-spacer\"><\/div>\n\n\n\n<p><\/p>\n\n\n\n<figure class=\"wp-block-gallery has-nested-images columns-3 is-cropped wp-block-gallery-1 is-layout-flex wp-block-gallery-is-layout-flex\">\n<figure class=\"wp-block-image size-large\"><img loading=\"lazy\" decoding=\"async\" width=\"683\" height=\"1024\" data-id=\"380\" src=\"https:\/\/www.djaaccounting.dk\/wp-content\/uploads\/2021\/07\/DSC09734-Edit-2-1-683x1024.jpg\" alt=\"\" class=\"wp-image-380\" srcset=\"https:\/\/www.djaaccounting.dk\/wp-content\/uploads\/2021\/07\/DSC09734-Edit-2-1-683x1024.jpg 683w, https:\/\/www.djaaccounting.dk\/wp-content\/uploads\/2021\/07\/DSC09734-Edit-2-1-200x300.jpg 200w, https:\/\/www.djaaccounting.dk\/wp-content\/uploads\/2021\/07\/DSC09734-Edit-2-1-768x1152.jpg 768w, https:\/\/www.djaaccounting.dk\/wp-content\/uploads\/2021\/07\/DSC09734-Edit-2-1-1024x1536.jpg 1024w, https:\/\/www.djaaccounting.dk\/wp-content\/uploads\/2021\/07\/DSC09734-Edit-2-1-1365x2048.jpg 1365w, https:\/\/www.djaaccounting.dk\/wp-content\/uploads\/2021\/07\/DSC09734-Edit-2-1-scaled.jpg 1706w\" sizes=\"auto, (max-width: 683px) 100vw, 683px\" \/><\/figure>\n\n\n\n<figure class=\"wp-block-image size-large\"><img loading=\"lazy\" decoding=\"async\" width=\"683\" height=\"1024\" data-id=\"414\" src=\"https:\/\/www.djaaccounting.dk\/wp-content\/uploads\/2023\/03\/dja_accounting_revisor-28-683x1024.jpg\" alt=\"\" class=\"wp-image-414\" srcset=\"https:\/\/www.djaaccounting.dk\/wp-content\/uploads\/2023\/03\/dja_accounting_revisor-28-683x1024.jpg 683w, https:\/\/www.djaaccounting.dk\/wp-content\/uploads\/2023\/03\/dja_accounting_revisor-28-200x300.jpg 200w, https:\/\/www.djaaccounting.dk\/wp-content\/uploads\/2023\/03\/dja_accounting_revisor-28-768x1152.jpg 768w, https:\/\/www.djaaccounting.dk\/wp-content\/uploads\/2023\/03\/dja_accounting_revisor-28.jpg 800w\" sizes=\"auto, (max-width: 683px) 100vw, 683px\" \/><\/figure>\n\n\n\n<figure class=\"wp-block-image size-large\"><img loading=\"lazy\" decoding=\"async\" width=\"683\" height=\"1024\" data-id=\"410\" src=\"https:\/\/www.djaaccounting.dk\/wp-content\/uploads\/2023\/03\/dja_accounting_web-12-683x1024.jpg\" alt=\"\" class=\"wp-image-410\" srcset=\"https:\/\/www.djaaccounting.dk\/wp-content\/uploads\/2023\/03\/dja_accounting_web-12-683x1024.jpg 683w, https:\/\/www.djaaccounting.dk\/wp-content\/uploads\/2023\/03\/dja_accounting_web-12-200x300.jpg 200w, https:\/\/www.djaaccounting.dk\/wp-content\/uploads\/2023\/03\/dja_accounting_web-12-768x1152.jpg 768w, https:\/\/www.djaaccounting.dk\/wp-content\/uploads\/2023\/03\/dja_accounting_web-12.jpg 800w\" sizes=\"auto, (max-width: 683px) 100vw, 683px\" \/><\/figure>\n<\/figure>\n","protected":false},"excerpt":{"rendered":"<p>Uddannelse &amp; Erfaring I 2012-2014 gennemf\u00f8rte jeg uddannelsen Financial Controller p\u00e5 \u00c5rhus Erhvervsakademi. Jeg har fra 2014 til 2020 arbejdet i en lokal revisionsvirksomhed. Jeg har herigennem opn\u00e5et solid erfaring med bl.a: Bogholderi og bogf\u00f8ring Fakturering og rykkerprocedure L\u00f8nadministration og -refusion Debitor- og kreditorstyring Afstemninger, kontrol og opf\u00f8lgning Budgetudarbejdelse og -opf\u00f8lgning Momsregnskab, herunder eksportmoms Regnskabsudarbejdelse, [&hellip;]<\/p>\n","protected":false},"author":1,"featured_media":0,"parent":0,"menu_order":0,"comment_status":"closed","ping_status":"closed","template":"templates\/template_page-full-width.php","meta":{"footnotes":""},"class_list":["post-7","page","type-page","status-publish","hentry"],"_links":{"self":[{"href":"https:\/\/www.djaaccounting.dk\/index.php\/wp-json\/wp\/v2\/pages\/7","targetHints":{"allow":["GET"]}}],"collection":[{"href":"https:\/\/www.djaaccounting.dk\/index.php\/wp-json\/wp\/v2\/pages"}],"about":[{"href":"https:\/\/www.djaaccounting.dk\/index.php\/wp-json\/wp\/v2\/types\/page"}],"author":[{"embeddable":true,"href":"https:\/\/www.djaaccounting.dk\/index.php\/wp-json\/wp\/v2\/users\/1"}],"replies":[{"embeddable":true,"href":"https:\/\/www.djaaccounting.dk\/index.php\/wp-json\/wp\/v2\/comments?post=7"}],"version-history":[{"count":57,"href":"https:\/\/www.djaaccounting.dk\/index.php\/wp-json\/wp\/v2\/pages\/7\/revisions"}],"predecessor-version":[{"id":437,"href":"https:\/\/www.djaaccounting.dk\/index.php\/wp-json\/wp\/v2\/pages\/7\/revisions\/437"}],"wp:attachment":[{"href":"https:\/\/www.djaaccounting.dk\/index.php\/wp-json\/wp\/v2\/media?parent=7"}],"curies":[{"name":"wp","href":"https:\/\/api.w.org\/{rel}","templated":true}]}}